{"id":99,"date":"2016-06-15T17:53:47","date_gmt":"2016-06-15T16:53:47","guid":{"rendered":"http:\/\/domainedebelcastel.com\/?page_id=99"},"modified":"2017-11-26T17:19:36","modified_gmt":"2017-11-26T16:19:36","slug":"activites-touristiques","status":"publish","type":"page","link":"http:\/\/domainedebelcastel.com\/?page_id=99","title":{"rendered":"Infos pratiques"},"content":{"rendered":"<p><strong>Horaires d&#8217;arriv\u00e9e et de d\u00e9part<br \/>\n<\/strong>L&#8217;arriv\u00e9e dans le g\u00eete peut se faire \u00e0 partir de 16h et le d\u00e9part doit s\u2019effectuer avant 10h. Hors saison, il est possible de convenir d&#8217;autres horaires d&#8217;arriv\u00e9e et de d\u00e9part.<\/p>\n<p style=\"text-align: justify;\"><strong>Piscine<\/strong><br \/>\nLa piscine est priv\u00e9e aux personnes logeant dans le g\u00eete et ouverte juillet\/ao\u00fbt (juin\/septembre selon la m\u00e9t\u00e9o).<\/p>\n<p style=\"text-align: justify;\"><strong>Bois de chauffage<\/strong><br \/>\nIl est possible d\u2019obtenir du bois de chauffage sur place.<\/p>\n<p style=\"text-align: justify;\"><strong>M\u00e9nage de fin de s\u00e9jour<\/strong><br \/>\nLe m\u00e9nage de fin de s\u00e9jour est compris dans le tarif. Nous vous serons cependant reconnaissants de laisser le g\u00eete dans un \u00e9tat correct (poubelles, vaisselle,\u00a0etc.) et de ranger les meubles et objets \u00e0 leur place initiale.<\/p>\n<p style=\"text-align: justify;\"><b>Connexion<\/b><strong>\u00a0Wi-Fi<br \/>\n<\/strong>Le g\u00eete est \u00e9quip\u00e9 d&#8217;une connexion Wi-Fi. Etant donn\u00e9 que la propri\u00e9t\u00e9 se situe en pleine campagne, la connexion n&#8217;est pas toujours tr\u00e8s rapide et peut subir des coupures.<\/p>\n<p style=\"text-align: justify;\"><strong>Animaux de compagnie<\/strong><br \/>\nLes animaux de compagnie (chiens et chats) sont les bienvenus. La seule recommandation est d&#8217;avoir des chiens bien \u00e9duqu\u00e9s au rappel et restant pr\u00e8s de vous\/du g\u00eete\u00a0en rapport avec\u00a0la s\u00e9curit\u00e9 de notre \u00e9levage de brebis.<\/p>\n<p style=\"text-align: justify;\"><strong>Alimentation<\/strong><br \/>\nLimoux est la ville la plus proche pour faire les courses alimentaires (supermarch\u00e9, boulangerie, boucherie, march\u00e9 local&#8230;).<\/p>\n<div class=\"sharedaddy sd-sharing-enabled\"><div class=\"robots-nocontent sd-block sd-social sd-social-icon sd-sharing\"><h3 class=\"sd-title\">Share this:<\/h3><div class=\"sd-content\"><ul><li class=\"share-email\"><a rel=\"nofollow noopener noreferrer\" data-shared=\"\" class=\"share-email sd-button share-icon no-text\" href=\"mailto:?subject=%5BShared%20Post%5D%20Infos%20pratiques&body=http%3A%2F%2Fdomainedebelcastel.com%2F%3Fpage_id%3D99&share=email\" target=\"_blank\" title=\"Click to email a link to a friend\" data-email-share-error-title=\"Do you have email set up?\" data-email-share-error-text=\"If you&#039;re having problems sharing via email, you might not have email set up for your browser. You may need to create a new email yourself.\" data-email-share-nonce=\"7d15118981\" data-email-share-track-url=\"http:\/\/domainedebelcastel.com\/?page_id=99&amp;share=email\"><span><\/span><span class=\"sharing-screen-reader-text\">Click to email a link to a friend (Opens in new window)<\/span><\/a><\/li><li class=\"share-facebook\"><a rel=\"nofollow noopener noreferrer\" data-shared=\"sharing-facebook-99\" class=\"share-facebook sd-button share-icon no-text\" href=\"http:\/\/domainedebelcastel.com\/?page_id=99&amp;share=facebook\" target=\"_blank\" title=\"Click to share on Facebook\" ><span><\/span><span class=\"sharing-screen-reader-text\">Click to share on Facebook (Opens in new window)<\/span><\/a><\/li><li class=\"share-twitter\"><a rel=\"nofollow noopener noreferrer\" data-shared=\"sharing-twitter-99\" class=\"share-twitter sd-button share-icon no-text\" href=\"http:\/\/domainedebelcastel.com\/?page_id=99&amp;share=twitter\" target=\"_blank\" title=\"Click to share on Twitter\" ><span><\/span><span class=\"sharing-screen-reader-text\">Click to share on Twitter (Opens in new window)<\/span><\/a><\/li><li class=\"share-tumblr\"><a rel=\"nofollow noopener noreferrer\" data-shared=\"\" class=\"share-tumblr sd-button share-icon no-text\" href=\"http:\/\/domainedebelcastel.com\/?page_id=99&amp;share=tumblr\" target=\"_blank\" title=\"Click to share on Tumblr\" ><span><\/span><span class=\"sharing-screen-reader-text\">Click to share on Tumblr (Opens in new window)<\/span><\/a><\/li><li class=\"share-pinterest\"><a rel=\"nofollow noopener noreferrer\" data-shared=\"sharing-pinterest-99\" class=\"share-pinterest sd-button share-icon no-text\" href=\"http:\/\/domainedebelcastel.com\/?page_id=99&amp;share=pinterest\" target=\"_blank\" title=\"Click to share on Pinterest\" ><span><\/span><span class=\"sharing-screen-reader-text\">Click to share on Pinterest (Opens in new window)<\/span><\/a><\/li><li class=\"share-end\"><\/li><\/ul><\/div><\/div><\/div>","protected":false},"excerpt":{"rendered":"<p>Horaires d&#8217;arriv\u00e9e et de d\u00e9part L&#8217;arriv\u00e9e dans le g\u00eete peut se faire \u00e0 partir de 16h et le d\u00e9part doit s\u2019effectuer avant 10h. Hors saison, il est possible de convenir d&#8217;autres horaires d&#8217;arriv\u00e9e et de d\u00e9part. Piscine La piscine est priv\u00e9e aux personnes logeant dans le g\u00eete et ouverte juillet\/ao\u00fbt (juin\/septembre selon la m\u00e9t\u00e9o). Bois&hellip; <\/p>\n<p class=\"toivo-read-more\"><a href=\"http:\/\/domainedebelcastel.com\/?page_id=99\" class=\"more-link\">Read more <span class=\"screen-reader-text\">Infos pratiques<\/span><\/a><\/p>\n<div class=\"sharedaddy sd-sharing-enabled\"><div class=\"robots-nocontent sd-block sd-social sd-social-icon sd-sharing\"><h3 class=\"sd-title\">Share this:<\/h3><div class=\"sd-content\"><ul><li class=\"share-email\"><a rel=\"nofollow noopener noreferrer\" data-shared=\"\" class=\"share-email sd-button share-icon no-text\" href=\"mailto:?subject=%5BShared%20Post%5D%20Infos%20pratiques&body=http%3A%2F%2Fdomainedebelcastel.com%2F%3Fpage_id%3D99&share=email\" target=\"_blank\" title=\"Click to email a link to a friend\" data-email-share-error-title=\"Do you have email set up?\" data-email-share-error-text=\"If you&#039;re having problems sharing via email, you might not have email set up for your browser. You may need to create a new email yourself.\" data-email-share-nonce=\"7d15118981\" data-email-share-track-url=\"http:\/\/domainedebelcastel.com\/?page_id=99&amp;share=email\"><span><\/span><span class=\"sharing-screen-reader-text\">Click to email a link to a friend (Opens in new window)<\/span><\/a><\/li><li class=\"share-facebook\"><a rel=\"nofollow noopener noreferrer\" data-shared=\"sharing-facebook-99\" class=\"share-facebook sd-button share-icon no-text\" href=\"http:\/\/domainedebelcastel.com\/?page_id=99&amp;share=facebook\" target=\"_blank\" title=\"Click to share on Facebook\" ><span><\/span><span class=\"sharing-screen-reader-text\">Click to share on Facebook (Opens in new window)<\/span><\/a><\/li><li class=\"share-twitter\"><a rel=\"nofollow noopener noreferrer\" data-shared=\"sharing-twitter-99\" class=\"share-twitter sd-button share-icon no-text\" href=\"http:\/\/domainedebelcastel.com\/?page_id=99&amp;share=twitter\" target=\"_blank\" title=\"Click to share on Twitter\" ><span><\/span><span class=\"sharing-screen-reader-text\">Click to share on Twitter (Opens in new window)<\/span><\/a><\/li><li class=\"share-tumblr\"><a rel=\"nofollow noopener noreferrer\" data-shared=\"\" class=\"share-tumblr sd-button share-icon no-text\" href=\"http:\/\/domainedebelcastel.com\/?page_id=99&amp;share=tumblr\" target=\"_blank\" title=\"Click to share on Tumblr\" ><span><\/span><span class=\"sharing-screen-reader-text\">Click to share on Tumblr (Opens in new window)<\/span><\/a><\/li><li class=\"share-pinterest\"><a rel=\"nofollow noopener noreferrer\" data-shared=\"sharing-pinterest-99\" class=\"share-pinterest sd-button share-icon no-text\" href=\"http:\/\/domainedebelcastel.com\/?page_id=99&amp;share=pinterest\" target=\"_blank\" title=\"Click to share on Pinterest\" ><span><\/span><span class=\"sharing-screen-reader-text\">Click to share on Pinterest (Opens in new window)<\/span><\/a><\/li><li class=\"share-end\"><\/li><\/ul><\/div><\/div><\/div>","protected":false},"author":1,"featured_media":0,"parent":0,"menu_order":0,"comment_status":"closed","ping_status":"closed","template":"","meta":{"jetpack_post_was_ever_published":false},"jetpack_sharing_enabled":true,"jetpack_shortlink":"https:\/\/wp.me\/P7EtmU-1B","_links":{"self":[{"href":"http:\/\/domainedebelcastel.com\/index.php?rest_route=\/wp\/v2\/pages\/99"}],"collection":[{"href":"http:\/\/domainedebelcastel.com\/index.php?rest_route=\/wp\/v2\/pages"}],"about":[{"href":"http:\/\/domainedebelcastel.com\/index.php?rest_route=\/wp\/v2\/types\/page"}],"author":[{"embeddable":true,"href":"http:\/\/domainedebelcastel.com\/index.php?rest_route=\/wp\/v2\/users\/1"}],"replies":[{"embeddable":true,"href":"http:\/\/domainedebelcastel.com\/index.php?rest_route=%2Fwp%2Fv2%2Fcomments&post=99"}],"version-history":[{"count":4,"href":"http:\/\/domainedebelcastel.com\/index.php?rest_route=\/wp\/v2\/pages\/99\/revisions"}],"predecessor-version":[{"id":243,"href":"http:\/\/domainedebelcastel.com\/index.php?rest_route=\/wp\/v2\/pages\/99\/revisions\/243"}],"wp:attachment":[{"href":"http:\/\/domainedebelcastel.com\/index.php?rest_route=%2Fwp%2Fv2%2Fmedia&parent=99"}],"curies":[{"name":"wp","href":"https:\/\/api.w.org\/{rel}","templated":true}]}}