{"id":73,"date":"2016-06-15T14:19:37","date_gmt":"2016-06-15T13:19:37","guid":{"rendered":"http:\/\/domainedebelcastel.com\/?page_id=73"},"modified":"2023-01-29T18:44:13","modified_gmt":"2023-01-29T17:44:13","slug":"contact","status":"publish","type":"page","link":"http:\/\/domainedebelcastel.com\/?page_id=73","title":{"rendered":"Contact"},"content":{"rendered":"<hr \/>\n<p style=\"text-align: center;\"><img decoding=\"async\" loading=\"lazy\" class=\"size-medium wp-image-118 alignleft\" src=\"http:\/\/domainedebelcastel.com\/wp-content\/uploads\/2016\/06\/PiepsLouls_small-300x200.jpg\" alt=\"\" width=\"300\" height=\"200\" srcset=\"http:\/\/domainedebelcastel.com\/wp-content\/uploads\/2016\/06\/PiepsLouls_small-300x200.jpg 300w, http:\/\/domainedebelcastel.com\/wp-content\/uploads\/2016\/06\/PiepsLouls_small-768x512.jpg 768w, http:\/\/domainedebelcastel.com\/wp-content\/uploads\/2016\/06\/PiepsLouls_small-700x467.jpg 700w, http:\/\/domainedebelcastel.com\/wp-content\/uploads\/2016\/06\/PiepsLouls_small.jpg 900w\" sizes=\"(max-width: 300px) 100vw, 300px\" \/>Pauline Greefhorst &amp; Arthur R\u00e9voil<br \/>\nDomaine de Belcastel<br \/>\n11580, Belcastel-et-Buc<\/p>\n<p style=\"text-align: center;\">Pauline: +33 (0) 6 04 46 54 26<br \/>\nArthur: + 33 (0) 6 17 37 48 63<br \/>\n<a href=\"mailto:domaine.belcastel@gmail.com\">domaine.belcastel@gmail.com<\/a><\/p>\n<hr \/>\n<p style=\"text-align: justify;\">N&#8217;h\u00e9sitez surtout pas \u00e0 nous contacter si vous avez besoin d&#8217;informations compl\u00e9mentaires ou pour une \u00e9ventuelle r\u00e9servation\/commande de viande. Vous pouvez nous contacter par mail ou par t\u00e9l\u00e9phone:<\/p>\n<p style=\"text-align: center;\"><style type=\"text\/css\" id=\"cspFormShell_4_837383_style\">#cspFormShell_4_837383 {\n\t}\n#cspFormShell_4_837383 label {\n\twidth: 100%;\n}\n\/*Fields shell basic*\/\n#cspFormShell_4_837383 input:not([type=\"checkbox\"]):not([type=\"radio\"]),\n#cspFormShell_4_837383 textarea,\n#cspFormShell_4_837383 .cfsListSelect, \n#cspFormShell_4_837383 .cfsCheck {\n    font-family: 'roboto';\n  \tpadding: 10px;\n    width: 100%;\n    font-size: 18px;\n    line-height: normal;\n  \t  \tborder: 1px solid rgba(94,94,94,0.1);\n    color: rgba(94,94,94,0.7);\n  \tbackground-color: #ffffff;\n  \t    hyphens: none;\n    border-radius: 0;\n    margin: 0;\n    max-width: 100%;\n    vertical-align: baseline;\n  \tdisplay: block;\n}\n#cspFormShell_4_837383 .cfsFieldShell input[type=\"submit\"]:not([type=\"checkbox\"]):not([type=\"radio\"]), \n#cspFormShell_4_837383 .cfsFieldShell input[type=\"reset\"]:not([type=\"checkbox\"]):not([type=\"radio\"]), \n#cspFormShell_4_837383 .cfsFieldShell input[type=\"button\"],\n#cspFormShell_4_837383 .cfsFieldShell button {\n\tcursor: pointer;\n  \tfont-weight: 400;\n  \t\n    border: 0 none;\n    color: #fff;\n    font-weight: 400;\n    text-transform: uppercase;\n}\n#cspFormShell_4_837383 .cfsFieldShell input[type=\"submit\"]:not([type=\"checkbox\"]):not([type=\"radio\"]), \n#cspFormShell_4_837383 .cfsFieldShell input[type=\"button\"],\n#cspFormShell_4_837383 .cfsFieldShell button {\n\t  \tbackground-color: #c0d9af;\n  \tbackground-image: none;\n  \t}\n#cspFormShell_4_837383 .cfsFieldShell input[type=\"submit\"]:not([type=\"checkbox\"]):not([type=\"radio\"]):hover, \n#cspFormShell_4_837383 .cfsFieldShell input[type=\"button\"]:hover,\n#cspFormShell_4_837383 .cfsFieldShell button:hover {\n  \t  \tbackground-color: rgba(192,217,175,0.7);\n  \t}\n#cspFormShell_4_837383 .cfsFieldShell input[type=\"reset\"]:not([type=\"checkbox\"]):not([type=\"radio\"]) {\n\t  \tbackground-color: #c0d9af;\n  \tbackground-image: none;\n  \t}\n#cspFormShell_4_837383 .cfsFieldShell input[type=\"reset\"]:not([type=\"checkbox\"]):not([type=\"radio\"]):hover {\n\t  \tbackground-color: rgba(192,217,175,0.7);\n  \t}\n\/* Placeholder text color -- selectors need to be separate to work. *\/\n#cspFormShell_4_837383 ::-webkit-input-placeholder {\n\tcolor: rgba(51, 51, 51, 0.7);\n}\n#cspFormShell_4_837383 :-moz-placeholder {\n\tcolor: rgba(51, 51, 51, 0.7);\n}\n#cspFormShell_4_837383 ::-moz-placeholder {\n\tcolor: rgba(51, 51, 51, 0.7);\n\topacity: 1; \/* Since FF19 lowers the opacity of the placeholder by default *\/\n}\n#cspFormShell_4_837383 :-ms-input-placeholder {\n\tcolor: rgba(51, 51, 51, 0.7);\n}#cspFormShell_4_837383 { width: 100%}<\/style><div id=\"cspFormShell_4_837383\" class=\"cfsFormShell\"><form class=\"csfForm\" method=\"post\" action=\"http:\/\/domainedebelcastel.com\/\">\n<div class=\"supRow cfsFieldsRow\"><div class=\"supSm12 cfsFieldCol\" data-name=\"last_name\" data-type=\"text\"><div class=\"cfsFieldShell cfsField_text\" ><input type=\"text\" name=\"fields[last_name]\" value=\"\" data-name=\"last_name\" placeholder=\"Nom\" \/><\/div><\/div><\/div><div class=\"supRow cfsFieldsRow\"><div class=\"supSm12 cfsFieldCol\" data-name=\"email\" data-type=\"email\"><div class=\"cfsFieldShell cfsField_email\" ><input type=\"email\" name=\"fields[email]\" value=\"\" data-name=\"email\" required  placeholder=\"Email\" \/><\/div><\/div><\/div><div class=\"supRow cfsFieldsRow\"><div class=\"supSm12 cfsFieldCol\" data-name=\"subject\" data-type=\"text\"><div class=\"cfsFieldShell cfsField_text\" ><input type=\"text\" name=\"fields[subject]\" value=\"\" data-name=\"subject\" required  placeholder=\"Objet\" \/><\/div><\/div><\/div><div class=\"supRow cfsFieldsRow\"><div class=\"supSm12 cfsFieldCol\" data-name=\"message\" data-type=\"textarea\"><div class=\"cfsFieldShell cfsField_textarea\" ><textarea name=\"fields[message]\" data-name=\"message\" required  placeholder=\"Message\" supRows=\"3\" cols=\"50\"><\/textarea><\/div><\/div><\/div><div class=\"supRow cfsFieldsRow\"><div class=\"supSm6 cfsFieldCol\" data-name=\"send\" data-type=\"submit\"><div class=\"cfsFieldShell cfsField_submit\" ><input type=\"submit\" name=\"fields[send]\" value=\"Envoyer\" data-name=\"send\" \/><\/div><\/div><div class=\"supSm6 cfsFieldCol\" data-name=\"reset\" data-type=\"reset\"><div class=\"cfsFieldShell cfsField_reset\" ><input type=\"reset\" name=\"fields[reset]\" value=\"R\u00e9initialiser\" data-name=\"reset\" \/><\/div><\/div><\/div>\n<input type=\"hidden\" name=\"mod\" value=\"forms\"  \/><input type=\"hidden\" name=\"action\" value=\"contact\"  \/><input type=\"hidden\" name=\"id\" value=\"4\"  \/><input type=\"hidden\" name=\"_wpnonce\" value=\"36baf4e0ad\"  \/><div class=\"cfsContactMsg\"><\/div><\/form><\/div><span style=\"display: none !important;\" class=\"cfsFormDesc\">eyJpZCI6IjQiLCJsYWJlbCI6IkNvbnRhY3QgRlIiLCJhY3RpdmUiOiIxIiwib3JpZ2luYWxfaWQiOiIxIiwidW5pcXVlX2lkIjoid2VmajIiLCJwYXJhbXMiOnsidHBsIjp7IndpZHRoIjoiMTAwIiwid2lkdGhfbWVhc3VyZSI6IiUiLCJiZ190eXBlXzAiOiJub25lIiwiYmdfaW1nXzAiOiIiLCJiZ19jb2xvcl8wIjoiIzgxZDc0MiIsImJnX3R5cGVfMSI6ImNvbG9yIiwiYmdfaW1nXzEiOiIiLCJiZ19jb2xvcl8xIjoiIzVlNWU1ZSIsImJnX3R5cGVfMiI6ImNvbG9yIiwiYmdfaW1nXzIiOiIiLCJiZ19jb2xvcl8yIjoiI2MwZDlhZiIsImJnX3R5cGVfMyI6ImNvbG9yIiwiYmdfaW1nXzMiOiIiLCJiZ19jb2xvcl8zIjoiI2MwZDlhZiIsImZvcm1fc2VudF9tc2ciOiJNZXJjaSBwb3VyIHZvdHJlIG1lc3NhZ2UhIiwicmVkaXJlY3Rfb25fc3VibWl0IjoiaHR0cDpcL1wvZG9tYWluZWRlYmVsY2FzdGVsLmNvbVwvP3BhZ2VfaWQ9NzMiLCJzYXZlX2NvbnRhY3RzIjoiMSIsImZpZWxkX3dyYXBwZXIiOiI8ZGl2IFtmaWVsZF9zaGVsbF9jbGFzc2VzXSBbZmllbGRfc2hlbGxfc3R5bGVzXT5bZmllbGRdPFwvZGl2PiJ9LCJmaWVsZHMiOlt7ImxhYmVsIjoiIiwicGxhY2Vob2xkZXIiOiJOb20iLCJodG1sIjoidGV4dCIsInZhbHVlIjoiIiwibWFuZGF0b3J5IjoiMCIsIm5hbWUiOiJsYXN0X25hbWUiLCJic19jbGFzc19pZCI6IjEyIiwiZGlzcGxheSI6IiIsIm1pbl9zaXplIjoiIiwibWF4X3NpemUiOiIiLCJhZGRfY2xhc3NlcyI6IiIsImFkZF9zdHlsZXMiOiIiLCJhZGRfYXR0ciI6IiIsInZuX29ubHlfbnVtYmVyIjoiMCIsInZuX29ubHlfbGV0dGVycyI6IjAiLCJ2bl9wYXR0ZXJuIjoiMCJ9LHsibGFiZWwiOiIiLCJwbGFjZWhvbGRlciI6IkVtYWlsIiwiaHRtbCI6ImVtYWlsIiwidmFsdWUiOiIiLCJtYW5kYXRvcnkiOiIxIiwibmFtZSI6ImVtYWlsIiwiYnNfY2xhc3NfaWQiOiIxMiIsImRpc3BsYXkiOiJyb3ciLCJtaW5fc2l6ZSI6IiIsIm1heF9zaXplIjoiIiwiYWRkX2NsYXNzZXMiOiIiLCJhZGRfc3R5bGVzIjoiIiwiYWRkX2F0dHIiOiIiLCJ2bl9vbmx5X251bWJlciI6IjAiLCJ2bl9vbmx5X2xldHRlcnMiOiIwIiwidm5fcGF0dGVybiI6IjAifSx7ImxhYmVsIjoiIiwicGxhY2Vob2xkZXIiOiJPYmpldCIsImh0bWwiOiJ0ZXh0IiwidmFsdWUiOiIiLCJtYW5kYXRvcnkiOiIxIiwibmFtZSI6InN1YmplY3QiLCJic19jbGFzc19pZCI6IjEyIiwiZGlzcGxheSI6InJvdyIsIm1pbl9zaXplIjoiIiwibWF4X3NpemUiOiIiLCJhZGRfY2xhc3NlcyI6IiIsImFkZF9zdHlsZXMiOiIiLCJhZGRfYXR0ciI6IiIsInZuX29ubHlfbnVtYmVyIjoiMCIsInZuX29ubHlfbGV0dGVycyI6IjAiLCJ2bl9wYXR0ZXJuIjoiMCJ9LHsibGFiZWwiOiIiLCJwbGFjZWhvbGRlciI6Ik1lc3NhZ2UiLCJodG1sIjoidGV4dGFyZWEiLCJ2YWx1ZSI6IiIsIm1hbmRhdG9yeSI6IjEiLCJuYW1lIjoibWVzc2FnZSIsImJzX2NsYXNzX2lkIjoiMTIiLCJkaXNwbGF5Ijoicm93IiwibWluX3NpemUiOiIiLCJtYXhfc2l6ZSI6IiIsImFkZF9jbGFzc2VzIjoiIiwiYWRkX3N0eWxlcyI6IiIsImFkZF9hdHRyIjoiIiwidm5fb25seV9udW1iZXIiOiIwIiwidm5fb25seV9sZXR0ZXJzIjoiMCIsInZuX3BhdHRlcm4iOiIwIn0seyJsYWJlbCI6IkVudm95ZXIiLCJwbGFjZWhvbGRlciI6IiIsImh0bWwiOiJzdWJtaXQiLCJ2YWx1ZSI6IiIsIm1hbmRhdG9yeSI6IjAiLCJuYW1lIjoic2VuZCIsImJzX2NsYXNzX2lkIjoiNiIsImRpc3BsYXkiOiIiLCJtaW5fc2l6ZSI6IiIsIm1heF9zaXplIjoiIiwiYWRkX2NsYXNzZXMiOiIiLCJhZGRfc3R5bGVzIjoiIiwiYWRkX2F0dHIiOiIiLCJ2bl9vbmx5X251bWJlciI6IjAiLCJ2bl9vbmx5X2xldHRlcnMiOiIwIiwidm5fcGF0dGVybiI6IjAifSx7ImxhYmVsIjoiUlx1MDBlOWluaXRpYWxpc2VyIiwicGxhY2Vob2xkZXIiOiIiLCJodG1sIjoicmVzZXQiLCJ2YWx1ZSI6IiIsIm1hbmRhdG9yeSI6IjAiLCJuYW1lIjoicmVzZXQiLCJic19jbGFzc19pZCI6IjYiLCJkaXNwbGF5IjoiIiwibWluX3NpemUiOiIiLCJtYXhfc2l6ZSI6IiIsImFkZF9jbGFzc2VzIjoiIiwiYWRkX3N0eWxlcyI6IiIsImFkZF9hdHRyIjoiIiwidm5fb25seV9udW1iZXIiOiIwIiwidm5fb25seV9sZXR0ZXJzIjoiMCIsInZuX3BhdHRlcm4iOiIwIn1dLCJvcHRzX2F0dHJzIjp7ImJnX251bWJlciI6IjQifX0sImltZ19wcmV2aWV3IjoiYmFzZS1jb250YWN0LmpwZyIsInZpZXdzIjoiMTYyOSIsInVuaXF1ZV92aWV3cyI6IjEzNTYiLCJhY3Rpb25zIjoiMjI2OCIsInNvcnRfb3JkZXIiOiIwIiwiaXNfcHJvIjoiMCIsImFiX2lkIjoiMCIsImRhdGVfY3JlYXRlZCI6IjIwMTYtMDUtMDMgMTU6MDE6MDMiLCJpbWdfcHJldmlld191cmwiOiJodHRwOlwvXC9kb21haW5lZGViZWxjYXN0ZWwuY29tXC93cC1jb250ZW50XC9wbHVnaW5zXC9jb250YWN0LWZvcm0tYnktc3Vwc3lzdGljXC9hc3NldHNcL2Zvcm1zXC9pbWdcL3ByZXZpZXdcL2Jhc2UtY29udGFjdC5qcGciLCJ2aWV3X2lkIjoiNF84MzczODMiLCJ2aWV3X2h0bWxfaWQiOiJjc3BGb3JtU2hlbGxfNF84MzczODMiLCJjb25uZWN0X2hhc2giOiIyN2RhYTU0NDlkYzhjOTg0NDIzODg1ZDRlY2VjNjQ1OSJ9<\/span><\/p>\n<hr \/>\n<div class=\"clear-float\" style=\"\r\n    width:100%;\r\n    \">\r\n    <\/div>\r\n<div class=\"huge_it_google_map_container\">\r\n    <div id=\"huge_it_google_map_3510\" data-map_id=\"2\"\r\n         class=\"huge_it_google_map\" style=\"\r\n    position:relative !important;\r\n    height:300px;\r\n    width:100%;\r\n    border-radius:0px;\r\n    margin:0px auto;\"\r\n         data-name=\"Domaine de Belcastel\"\r\n         data-type=\"ROADMAP\"\r\n         data-zoom=\"11\"\r\n         data-min-zoom=\"0\"\r\n         data-max-zoom=\"22\"\r\n         data-locator-enabled=\"0\"\r\n         data-img-url        =\"http:\/\/domainedebelcastel.com\/wp-content\/plugins\/google-maps\/assets\/images\/\"\r\n         data-border-radius=\"0\"\r\n         data-center-lat=\"43.0295\"\r\n         data-center-lng=\"2.344941\"\r\n         data-pan-controller=\"1\"\r\n         data-zoom-controller=\"1\"\r\n         data-type-controller=\"1\"\r\n         data-scale-controller=\"1\"\r\n         data-street-view-controller=\"1\"\r\n         data-overview-map-controller=\"1\"\r\n         data-width=\"100\"\r\n         data-height=\"300\"\r\n         data-align=\"center\"\r\n         data-info-type=\"click\"\r\n         data-open-infowindows-onload=\"0\"\r\n         data-animation=\"none\"\r\n         data-language=\"location based\"\r\n         data-draggable=\"0\"\r\n         data-wheel-scroll=\"0\"\r\n         data-traffic-layer=\"0\"\r\n         data-bike-layer=\"0\"\r\n         data-transit-layer=\"0\"\r\n         data-styling-hue=\"\"\r\n         data-styling-lightness=\"0\"\r\n         data-styling-gamma=\"1\"\r\n         data-styling-saturation=\"0\"><\/div>\r\n<\/div>\r\n\n<p style=\"text-align: justify;\"><b>Itin\u00e9raire:<\/b>\u00a0\u00e0 la sortie de l&#8217;Autoroute A61 n\u00b023 &#8220;Carcassonne Ouest&#8221;, prendre direction Limoux sur la D118, suivre la direction de Saint Polycarpe sur la D129 et prendre \u00e0 droite sur la D429 jusqu&#8217;\u00e0 Belcastel.<\/p>\n<div class=\"sharedaddy sd-sharing-enabled\"><div class=\"robots-nocontent sd-block sd-social sd-social-icon sd-sharing\"><h3 class=\"sd-title\">Share this:<\/h3><div class=\"sd-content\"><ul><li class=\"share-email\"><a rel=\"nofollow noopener noreferrer\" data-shared=\"\" class=\"share-email sd-button share-icon no-text\" href=\"mailto:?subject=%5BShared%20Post%5D%20Contact&body=http%3A%2F%2Fdomainedebelcastel.com%2F%3Fpage_id%3D73&share=email\" target=\"_blank\" title=\"Click to email a link to a friend\" data-email-share-error-title=\"Do you have email set up?\" data-email-share-error-text=\"If you&#039;re having problems sharing via email, you might not have email set up for your browser. You may need to create a new email yourself.\" data-email-share-nonce=\"1a73c454cc\" data-email-share-track-url=\"http:\/\/domainedebelcastel.com\/?page_id=73&amp;share=email\"><span><\/span><span class=\"sharing-screen-reader-text\">Click to email a link to a friend (Opens in new window)<\/span><\/a><\/li><li class=\"share-facebook\"><a rel=\"nofollow noopener noreferrer\" data-shared=\"sharing-facebook-73\" class=\"share-facebook sd-button share-icon no-text\" href=\"http:\/\/domainedebelcastel.com\/?page_id=73&amp;share=facebook\" target=\"_blank\" title=\"Click to share on Facebook\" ><span><\/span><span class=\"sharing-screen-reader-text\">Click to share on Facebook (Opens in new window)<\/span><\/a><\/li><li class=\"share-twitter\"><a rel=\"nofollow noopener noreferrer\" data-shared=\"sharing-twitter-73\" class=\"share-twitter sd-button share-icon no-text\" href=\"http:\/\/domainedebelcastel.com\/?page_id=73&amp;share=twitter\" target=\"_blank\" title=\"Click to share on Twitter\" ><span><\/span><span class=\"sharing-screen-reader-text\">Click to share on Twitter (Opens in new window)<\/span><\/a><\/li><li class=\"share-tumblr\"><a rel=\"nofollow noopener noreferrer\" data-shared=\"\" class=\"share-tumblr sd-button share-icon no-text\" href=\"http:\/\/domainedebelcastel.com\/?page_id=73&amp;share=tumblr\" target=\"_blank\" title=\"Click to share on Tumblr\" ><span><\/span><span class=\"sharing-screen-reader-text\">Click to share on Tumblr (Opens in new window)<\/span><\/a><\/li><li class=\"share-pinterest\"><a rel=\"nofollow noopener noreferrer\" data-shared=\"sharing-pinterest-73\" class=\"share-pinterest sd-button share-icon no-text\" href=\"http:\/\/domainedebelcastel.com\/?page_id=73&amp;share=pinterest\" target=\"_blank\" title=\"Click to share on Pinterest\" ><span><\/span><span class=\"sharing-screen-reader-text\">Click to share on Pinterest (Opens in new window)<\/span><\/a><\/li><li class=\"share-end\"><\/li><\/ul><\/div><\/div><\/div>","protected":false},"excerpt":{"rendered":"<p>Pauline Greefhorst &amp; Arthur R\u00e9voil Domaine de Belcastel 11580, Belcastel-et-Buc Pauline: +33 (0) 6 04 46 54 26 Arthur: + 33 (0) 6 17 37 48 63 domaine.belcastel@gmail.com N&#8217;h\u00e9sitez surtout pas \u00e0 nous contacter si vous avez besoin d&#8217;informations compl\u00e9mentaires ou pour une \u00e9ventuelle r\u00e9servation\/commande de viande. Vous pouvez nous contacter par mail ou par&hellip; <\/p>\n<p class=\"toivo-read-more\"><a href=\"http:\/\/domainedebelcastel.com\/?page_id=73\" class=\"more-link\">Read more <span class=\"screen-reader-text\">Contact<\/span><\/a><\/p>\n<div class=\"sharedaddy sd-sharing-enabled\"><div class=\"robots-nocontent sd-block sd-social sd-social-icon sd-sharing\"><h3 class=\"sd-title\">Share this:<\/h3><div class=\"sd-content\"><ul><li class=\"share-email\"><a rel=\"nofollow noopener noreferrer\" data-shared=\"\" class=\"share-email sd-button share-icon no-text\" href=\"mailto:?subject=%5BShared%20Post%5D%20Contact&body=http%3A%2F%2Fdomainedebelcastel.com%2F%3Fpage_id%3D73&share=email\" target=\"_blank\" title=\"Click to email a link to a friend\" data-email-share-error-title=\"Do you have email set up?\" data-email-share-error-text=\"If you&#039;re having problems sharing via email, you might not have email set up for your browser. You may need to create a new email yourself.\" data-email-share-nonce=\"1a73c454cc\" data-email-share-track-url=\"http:\/\/domainedebelcastel.com\/?page_id=73&amp;share=email\"><span><\/span><span class=\"sharing-screen-reader-text\">Click to email a link to a friend (Opens in new window)<\/span><\/a><\/li><li class=\"share-facebook\"><a rel=\"nofollow noopener noreferrer\" data-shared=\"sharing-facebook-73\" class=\"share-facebook sd-button share-icon no-text\" href=\"http:\/\/domainedebelcastel.com\/?page_id=73&amp;share=facebook\" target=\"_blank\" title=\"Click to share on Facebook\" ><span><\/span><span class=\"sharing-screen-reader-text\">Click to share on Facebook (Opens in new window)<\/span><\/a><\/li><li class=\"share-twitter\"><a rel=\"nofollow noopener noreferrer\" data-shared=\"sharing-twitter-73\" class=\"share-twitter sd-button share-icon no-text\" href=\"http:\/\/domainedebelcastel.com\/?page_id=73&amp;share=twitter\" target=\"_blank\" title=\"Click to share on Twitter\" ><span><\/span><span class=\"sharing-screen-reader-text\">Click to share on Twitter (Opens in new window)<\/span><\/a><\/li><li class=\"share-tumblr\"><a rel=\"nofollow noopener noreferrer\" data-shared=\"\" class=\"share-tumblr sd-button share-icon no-text\" href=\"http:\/\/domainedebelcastel.com\/?page_id=73&amp;share=tumblr\" target=\"_blank\" title=\"Click to share on Tumblr\" ><span><\/span><span class=\"sharing-screen-reader-text\">Click to share on Tumblr (Opens in new window)<\/span><\/a><\/li><li class=\"share-pinterest\"><a rel=\"nofollow noopener noreferrer\" data-shared=\"sharing-pinterest-73\" class=\"share-pinterest sd-button share-icon no-text\" href=\"http:\/\/domainedebelcastel.com\/?page_id=73&amp;share=pinterest\" target=\"_blank\" title=\"Click to share on Pinterest\" ><span><\/span><span class=\"sharing-screen-reader-text\">Click to share on Pinterest (Opens in new window)<\/span><\/a><\/li><li class=\"share-end\"><\/li><\/ul><\/div><\/div><\/div>","protected":false},"author":1,"featured_media":0,"parent":0,"menu_order":0,"comment_status":"closed","ping_status":"closed","template":"","meta":{"jetpack_post_was_ever_published":false},"jetpack_sharing_enabled":true,"jetpack_shortlink":"https:\/\/wp.me\/P7EtmU-1b","_links":{"self":[{"href":"http:\/\/domainedebelcastel.com\/index.php?rest_route=\/wp\/v2\/pages\/73"}],"collection":[{"href":"http:\/\/domainedebelcastel.com\/index.php?rest_route=\/wp\/v2\/pages"}],"about":[{"href":"http:\/\/domainedebelcastel.com\/index.php?rest_route=\/wp\/v2\/types\/page"}],"author":[{"embeddable":true,"href":"http:\/\/domainedebelcastel.com\/index.php?rest_route=\/wp\/v2\/users\/1"}],"replies":[{"embeddable":true,"href":"http:\/\/domainedebelcastel.com\/index.php?rest_route=%2Fwp%2Fv2%2Fcomments&post=73"}],"version-history":[{"count":16,"href":"http:\/\/domainedebelcastel.com\/index.php?rest_route=\/wp\/v2\/pages\/73\/revisions"}],"predecessor-version":[{"id":375,"href":"http:\/\/domainedebelcastel.com\/index.php?rest_route=\/wp\/v2\/pages\/73\/revisions\/375"}],"wp:attachment":[{"href":"http:\/\/domainedebelcastel.com\/index.php?rest_route=%2Fwp%2Fv2%2Fmedia&parent=73"}],"curies":[{"name":"wp","href":"https:\/\/api.w.org\/{rel}","templated":true}]}}