{"id":55,"date":"2016-06-15T14:01:55","date_gmt":"2016-06-15T13:01:55","guid":{"rendered":"http:\/\/domainedebelcastel.com\/?page_id=55"},"modified":"2023-01-29T18:49:10","modified_gmt":"2023-01-29T17:49:10","slug":"le-domaine","status":"publish","type":"page","link":"http:\/\/domainedebelcastel.com\/","title":{"rendered":"Le Domaine"},"content":{"rendered":"<div style=\"text-align: justify;\">\n<p>Le Domaine de Belcastel se situe sur la commune de Belcastel-et-Buc, un petit village aux portes des Corbi\u00e8res dans le d\u00e9partement de l&#8217;Aude.<\/p>\n<\/div>\n<div style=\"text-align: justify;\">\n<p>Le Domaine de Belcastel s&#8217;\u00e9tend sur plus de 400 Hectares de prairies, de landes et de for\u00eats. Ces terres sont le support d&#8217;un \u00e9levage d&#8217;ovins et de bovins \u00e0 viande en plein air. Les terres et les animaux du domaine sont aujourd&#8217;hui men\u00e9s en Agriculture Biologique. En plus des brebis et des vaches, le domaine est \u00e9galement la maison d&#8217;un petit \u00e9levage de chevaux Haflinger, de deux border collies et de deux chats.<\/p>\n<\/div>\n<div style=\"text-align: justify;\">Le Domaine de Belcastel est une ferme isol\u00e9e, se trouvant\u00a0\u00e0 flanc de\u00a0colline et\u00a0surplombant\u00a0la vall\u00e9e en contre-bas. La propri\u00e9t\u00e9 se compose d&#8217;un grand ensemble b\u00e2ti qui abrite notre maison d&#8217;habitation, ainsi qu&#8217;un grand g\u00eete rural. \u00a0Le domaine\u00a0se trouve dans un environnement calme et paisible, loin des nuisances citadines.\u00a0L&#8217;emplacement du Domaine de Belcastel est id\u00e9al pour venir visiter l&#8217;Aude. La propri\u00e9t\u00e9 se situe en effet \u00e0 seulement 15 minutes de Limoux, 30 minutes de la belle Carcassonne et une heure du bord de mer et des\u00a0Pyr\u00e9n\u00e9es.<\/div>\n<div class=\"sharedaddy sd-sharing-enabled\"><div class=\"robots-nocontent sd-block sd-social sd-social-icon sd-sharing\"><h3 class=\"sd-title\">Share this:<\/h3><div class=\"sd-content\"><ul><li class=\"share-email\"><a rel=\"nofollow noopener noreferrer\" data-shared=\"\" class=\"share-email sd-button share-icon no-text\" href=\"mailto:?subject=%5BShared%20Post%5D%20Le%20Domaine&body=http%3A%2F%2Fdomainedebelcastel.com%2F&share=email\" target=\"_blank\" title=\"Click to email a link to a friend\" data-email-share-error-title=\"Do you have email set up?\" data-email-share-error-text=\"If you&#039;re having problems sharing via email, you might not have email set up for your browser. You may need to create a new email yourself.\" data-email-share-nonce=\"f37355c780\" data-email-share-track-url=\"http:\/\/domainedebelcastel.com\/?share=email\"><span><\/span><span class=\"sharing-screen-reader-text\">Click to email a link to a friend (Opens in new window)<\/span><\/a><\/li><li class=\"share-facebook\"><a rel=\"nofollow noopener noreferrer\" data-shared=\"sharing-facebook-55\" class=\"share-facebook sd-button share-icon no-text\" href=\"http:\/\/domainedebelcastel.com\/?share=facebook\" target=\"_blank\" title=\"Click to share on Facebook\" ><span><\/span><span class=\"sharing-screen-reader-text\">Click to share on Facebook (Opens in new window)<\/span><\/a><\/li><li class=\"share-twitter\"><a rel=\"nofollow noopener noreferrer\" data-shared=\"sharing-twitter-55\" class=\"share-twitter sd-button share-icon no-text\" href=\"http:\/\/domainedebelcastel.com\/?share=twitter\" target=\"_blank\" title=\"Click to share on Twitter\" ><span><\/span><span class=\"sharing-screen-reader-text\">Click to share on Twitter (Opens in new window)<\/span><\/a><\/li><li class=\"share-tumblr\"><a rel=\"nofollow noopener noreferrer\" data-shared=\"\" class=\"share-tumblr sd-button share-icon no-text\" href=\"http:\/\/domainedebelcastel.com\/?share=tumblr\" target=\"_blank\" title=\"Click to share on Tumblr\" ><span><\/span><span class=\"sharing-screen-reader-text\">Click to share on Tumblr (Opens in new window)<\/span><\/a><\/li><li class=\"share-pinterest\"><a rel=\"nofollow noopener noreferrer\" data-shared=\"sharing-pinterest-55\" class=\"share-pinterest sd-button share-icon no-text\" href=\"http:\/\/domainedebelcastel.com\/?share=pinterest\" target=\"_blank\" title=\"Click to share on Pinterest\" ><span><\/span><span class=\"sharing-screen-reader-text\">Click to share on Pinterest (Opens in new window)<\/span><\/a><\/li><li class=\"share-end\"><\/li><\/ul><\/div><\/div><\/div>","protected":false},"excerpt":{"rendered":"<p>Le Domaine de Belcastel se situe sur la commune de Belcastel-et-Buc, un petit village aux portes des Corbi\u00e8res dans le d\u00e9partement de l&#8217;Aude. Le Domaine de Belcastel s&#8217;\u00e9tend sur plus de 400 Hectares de prairies, de landes et de for\u00eats. Ces terres sont le support d&#8217;un \u00e9levage d&#8217;ovins et de bovins \u00e0 viande en plein&hellip; <\/p>\n<p class=\"toivo-read-more\"><a href=\"http:\/\/domainedebelcastel.com\/\" class=\"more-link\">Read more <span class=\"screen-reader-text\">Le Domaine<\/span><\/a><\/p>\n<div class=\"sharedaddy sd-sharing-enabled\"><div class=\"robots-nocontent sd-block sd-social sd-social-icon sd-sharing\"><h3 class=\"sd-title\">Share this:<\/h3><div class=\"sd-content\"><ul><li class=\"share-email\"><a rel=\"nofollow noopener noreferrer\" data-shared=\"\" class=\"share-email sd-button share-icon no-text\" href=\"mailto:?subject=%5BShared%20Post%5D%20Le%20Domaine&body=http%3A%2F%2Fdomainedebelcastel.com%2F&share=email\" target=\"_blank\" title=\"Click to email a link to a friend\" data-email-share-error-title=\"Do you have email set up?\" data-email-share-error-text=\"If you&#039;re having problems sharing via email, you might not have email set up for your browser. You may need to create a new email yourself.\" data-email-share-nonce=\"f37355c780\" data-email-share-track-url=\"http:\/\/domainedebelcastel.com\/?share=email\"><span><\/span><span class=\"sharing-screen-reader-text\">Click to email a link to a friend (Opens in new window)<\/span><\/a><\/li><li class=\"share-facebook\"><a rel=\"nofollow noopener noreferrer\" data-shared=\"sharing-facebook-55\" class=\"share-facebook sd-button share-icon no-text\" href=\"http:\/\/domainedebelcastel.com\/?share=facebook\" target=\"_blank\" title=\"Click to share on Facebook\" ><span><\/span><span class=\"sharing-screen-reader-text\">Click to share on Facebook (Opens in new window)<\/span><\/a><\/li><li class=\"share-twitter\"><a rel=\"nofollow noopener noreferrer\" data-shared=\"sharing-twitter-55\" class=\"share-twitter sd-button share-icon no-text\" href=\"http:\/\/domainedebelcastel.com\/?share=twitter\" target=\"_blank\" title=\"Click to share on Twitter\" ><span><\/span><span class=\"sharing-screen-reader-text\">Click to share on Twitter (Opens in new window)<\/span><\/a><\/li><li class=\"share-tumblr\"><a rel=\"nofollow noopener noreferrer\" data-shared=\"\" class=\"share-tumblr sd-button share-icon no-text\" href=\"http:\/\/domainedebelcastel.com\/?share=tumblr\" target=\"_blank\" title=\"Click to share on Tumblr\" ><span><\/span><span class=\"sharing-screen-reader-text\">Click to share on Tumblr (Opens in new window)<\/span><\/a><\/li><li class=\"share-pinterest\"><a rel=\"nofollow noopener noreferrer\" data-shared=\"sharing-pinterest-55\" class=\"share-pinterest sd-button share-icon no-text\" href=\"http:\/\/domainedebelcastel.com\/?share=pinterest\" target=\"_blank\" title=\"Click to share on Pinterest\" ><span><\/span><span class=\"sharing-screen-reader-text\">Click to share on Pinterest (Opens in new window)<\/span><\/a><\/li><li class=\"share-end\"><\/li><\/ul><\/div><\/div><\/div>","protected":false},"author":1,"featured_media":0,"parent":0,"menu_order":0,"comment_status":"closed","ping_status":"closed","template":"","meta":{"jetpack_post_was_ever_published":false},"jetpack_sharing_enabled":true,"jetpack_shortlink":"https:\/\/wp.me\/P7EtmU-T","_links":{"self":[{"href":"http:\/\/domainedebelcastel.com\/index.php?rest_route=\/wp\/v2\/pages\/55"}],"collection":[{"href":"http:\/\/domainedebelcastel.com\/index.php?rest_route=\/wp\/v2\/pages"}],"about":[{"href":"http:\/\/domainedebelcastel.com\/index.php?rest_route=\/wp\/v2\/types\/page"}],"author":[{"embeddable":true,"href":"http:\/\/domainedebelcastel.com\/index.php?rest_route=\/wp\/v2\/users\/1"}],"replies":[{"embeddable":true,"href":"http:\/\/domainedebelcastel.com\/index.php?rest_route=%2Fwp%2Fv2%2Fcomments&post=55"}],"version-history":[{"count":8,"href":"http:\/\/domainedebelcastel.com\/index.php?rest_route=\/wp\/v2\/pages\/55\/revisions"}],"predecessor-version":[{"id":379,"href":"http:\/\/domainedebelcastel.com\/index.php?rest_route=\/wp\/v2\/pages\/55\/revisions\/379"}],"wp:attachment":[{"href":"http:\/\/domainedebelcastel.com\/index.php?rest_route=%2Fwp%2Fv2%2Fmedia&parent=55"}],"curies":[{"name":"wp","href":"https:\/\/api.w.org\/{rel}","templated":true}]}}