{"id":270,"date":"2017-11-26T18:47:05","date_gmt":"2017-11-26T17:47:05","guid":{"rendered":"http:\/\/domainedebelcastel.com\/?page_id=270"},"modified":"2018-01-30T11:39:06","modified_gmt":"2018-01-30T10:39:06","slug":"chevaux-haflinger","status":"publish","type":"page","link":"http:\/\/domainedebelcastel.com\/?page_id=270","title":{"rendered":"Chevaux Haflinger"},"content":{"rendered":"<p>&nbsp;<\/p>\n<p><strong>LA RACE<\/strong><\/p>\n<p style=\"text-align: justify;\">Le Haflinger est un petit cheval de selle et de trait l\u00e9ger. C&#8217;est une race originaire des montagnes du Tyrol (Autriche\/Nord de l&#8217;Italie) et qui se caract\u00e9rise par une robe toujours alezane aux crins lav\u00e9s. Le Haflinger est un cheval rustique et robuste, mais avec de belles allures et un corps harmonieux et muscl\u00e9. Ce petit cheval de selle a le pied\u00a0s\u00fbr et un tr\u00e8s bon caract\u00e8re (gentil et confiant).<\/p>\n<p>Le Haflinger est aujourd&#8217;hui utilis\u00e9 dans de nombreuses disciplines \u00e9questres comme l&#8217;\u00e9quitation de loisir, l&#8217;attelage, la traction l\u00e9g\u00e8re, le dressage, la randonn\u00e9e et m\u00eame l&#8217;\u00e9quith\u00e9rapie.<\/p>\n<p>Taille: entre 137cm et 149cm au garrot | Poids: entre 400 et 450kg<\/p>\n<p><strong>NOS JUMENTS<\/strong><\/p>\n<p style=\"text-align: justify;\">Nous poss\u00e9dons aujourd&#8217;hui deux juments plein papiers, toutes deux inscrites au stud book des Haflinger en tant que reproductrices.<\/p>\n<ul>\n<li>LUCIOLE DU LUDE, confirm\u00e9e avec 34pt<\/li>\n<li>THARA QUANA D&#8217;ALOY<\/li>\n<\/ul>\n<p>En plus, nous avons une belle jument d&#8217;origine inconnue portant le nom de PAQUERETTE. Elle est typ\u00e9e Fjord\/Haflinger.<\/p>\n<p>Nous n&#8217;avons pas d&#8217;\u00e9talon pour l&#8217;instant, nous amenons donc nos juments se faire saillir de fa\u00e7on naturelle.<\/p>\n<p>&nbsp;<\/p>\n<p><img decoding=\"async\" loading=\"lazy\" class=\"alignnone size-medium wp-image-325\" src=\"http:\/\/domainedebelcastel.com\/wp-content\/uploads\/2017\/11\/IMG_20171005_080652_669-300x300.jpg\" alt=\"\" width=\"300\" height=\"300\" srcset=\"http:\/\/domainedebelcastel.com\/wp-content\/uploads\/2017\/11\/IMG_20171005_080652_669-300x300.jpg 300w, http:\/\/domainedebelcastel.com\/wp-content\/uploads\/2017\/11\/IMG_20171005_080652_669-150x150.jpg 150w, http:\/\/domainedebelcastel.com\/wp-content\/uploads\/2017\/11\/IMG_20171005_080652_669-768x768.jpg 768w, http:\/\/domainedebelcastel.com\/wp-content\/uploads\/2017\/11\/IMG_20171005_080652_669-700x700.jpg 700w, http:\/\/domainedebelcastel.com\/wp-content\/uploads\/2017\/11\/IMG_20171005_080652_669-140x140.jpg 140w, http:\/\/domainedebelcastel.com\/wp-content\/uploads\/2017\/11\/IMG_20171005_080652_669.jpg 1200w\" sizes=\"(max-width: 300px) 100vw, 300px\" \/> <img decoding=\"async\" loading=\"lazy\" class=\"alignnone size-medium wp-image-323\" src=\"http:\/\/domainedebelcastel.com\/wp-content\/uploads\/2017\/11\/IMG_20170718_174445_942-300x300.jpg\" alt=\"\" width=\"300\" height=\"300\" srcset=\"http:\/\/domainedebelcastel.com\/wp-content\/uploads\/2017\/11\/IMG_20170718_174445_942-300x300.jpg 300w, http:\/\/domainedebelcastel.com\/wp-content\/uploads\/2017\/11\/IMG_20170718_174445_942-150x150.jpg 150w, http:\/\/domainedebelcastel.com\/wp-content\/uploads\/2017\/11\/IMG_20170718_174445_942-768x768.jpg 768w, http:\/\/domainedebelcastel.com\/wp-content\/uploads\/2017\/11\/IMG_20170718_174445_942-700x700.jpg 700w, http:\/\/domainedebelcastel.com\/wp-content\/uploads\/2017\/11\/IMG_20170718_174445_942-140x140.jpg 140w, http:\/\/domainedebelcastel.com\/wp-content\/uploads\/2017\/11\/IMG_20170718_174445_942.jpg 1080w\" sizes=\"(max-width: 300px) 100vw, 300px\" \/> <img decoding=\"async\" loading=\"lazy\" class=\"alignnone size-medium wp-image-322\" src=\"http:\/\/domainedebelcastel.com\/wp-content\/uploads\/2017\/11\/IMG_20170524_071454_010-300x300.jpg\" alt=\"\" width=\"300\" height=\"300\" srcset=\"http:\/\/domainedebelcastel.com\/wp-content\/uploads\/2017\/11\/IMG_20170524_071454_010-300x300.jpg 300w, http:\/\/domainedebelcastel.com\/wp-content\/uploads\/2017\/11\/IMG_20170524_071454_010-150x150.jpg 150w, http:\/\/domainedebelcastel.com\/wp-content\/uploads\/2017\/11\/IMG_20170524_071454_010-768x768.jpg 768w, http:\/\/domainedebelcastel.com\/wp-content\/uploads\/2017\/11\/IMG_20170524_071454_010-700x700.jpg 700w, http:\/\/domainedebelcastel.com\/wp-content\/uploads\/2017\/11\/IMG_20170524_071454_010-1260x1260.jpg 1260w, http:\/\/domainedebelcastel.com\/wp-content\/uploads\/2017\/11\/IMG_20170524_071454_010-140x140.jpg 140w\" sizes=\"(max-width: 300px) 100vw, 300px\" \/> <img decoding=\"async\" loading=\"lazy\" class=\"alignnone size-medium wp-image-319\" src=\"http:\/\/domainedebelcastel.com\/wp-content\/uploads\/2017\/11\/IMG_20170517_124010_328-300x300.jpg\" alt=\"\" width=\"300\" height=\"300\" srcset=\"http:\/\/domainedebelcastel.com\/wp-content\/uploads\/2017\/11\/IMG_20170517_124010_328-300x300.jpg 300w, http:\/\/domainedebelcastel.com\/wp-content\/uploads\/2017\/11\/IMG_20170517_124010_328-150x150.jpg 150w, http:\/\/domainedebelcastel.com\/wp-content\/uploads\/2017\/11\/IMG_20170517_124010_328-768x768.jpg 768w, http:\/\/domainedebelcastel.com\/wp-content\/uploads\/2017\/11\/IMG_20170517_124010_328-700x700.jpg 700w, http:\/\/domainedebelcastel.com\/wp-content\/uploads\/2017\/11\/IMG_20170517_124010_328-1260x1260.jpg 1260w, http:\/\/domainedebelcastel.com\/wp-content\/uploads\/2017\/11\/IMG_20170517_124010_328-140x140.jpg 140w\" sizes=\"(max-width: 300px) 100vw, 300px\" \/><\/p>\n<div class=\"sharedaddy sd-sharing-enabled\"><div class=\"robots-nocontent sd-block sd-social sd-social-icon sd-sharing\"><h3 class=\"sd-title\">Share this:<\/h3><div class=\"sd-content\"><ul><li class=\"share-email\"><a rel=\"nofollow noopener noreferrer\" data-shared=\"\" class=\"share-email sd-button share-icon no-text\" href=\"mailto:?subject=%5BShared%20Post%5D%20Chevaux%20Haflinger&body=http%3A%2F%2Fdomainedebelcastel.com%2F%3Fpage_id%3D270&share=email\" target=\"_blank\" title=\"Click to email a link to a friend\" data-email-share-error-title=\"Do you have email set up?\" data-email-share-error-text=\"If you&#039;re having problems sharing via email, you might not have email set up for your browser. You may need to create a new email yourself.\" data-email-share-nonce=\"1f86de2782\" data-email-share-track-url=\"http:\/\/domainedebelcastel.com\/?page_id=270&amp;share=email\"><span><\/span><span class=\"sharing-screen-reader-text\">Click to email a link to a friend (Opens in new window)<\/span><\/a><\/li><li class=\"share-facebook\"><a rel=\"nofollow noopener noreferrer\" data-shared=\"sharing-facebook-270\" class=\"share-facebook sd-button share-icon no-text\" href=\"http:\/\/domainedebelcastel.com\/?page_id=270&amp;share=facebook\" target=\"_blank\" title=\"Click to share on Facebook\" ><span><\/span><span class=\"sharing-screen-reader-text\">Click to share on Facebook (Opens in new window)<\/span><\/a><\/li><li class=\"share-twitter\"><a rel=\"nofollow noopener noreferrer\" data-shared=\"sharing-twitter-270\" class=\"share-twitter sd-button share-icon no-text\" href=\"http:\/\/domainedebelcastel.com\/?page_id=270&amp;share=twitter\" target=\"_blank\" title=\"Click to share on Twitter\" ><span><\/span><span class=\"sharing-screen-reader-text\">Click to share on Twitter (Opens in new window)<\/span><\/a><\/li><li class=\"share-tumblr\"><a rel=\"nofollow noopener noreferrer\" data-shared=\"\" class=\"share-tumblr sd-button share-icon no-text\" href=\"http:\/\/domainedebelcastel.com\/?page_id=270&amp;share=tumblr\" target=\"_blank\" title=\"Click to share on Tumblr\" ><span><\/span><span class=\"sharing-screen-reader-text\">Click to share on Tumblr (Opens in new window)<\/span><\/a><\/li><li class=\"share-pinterest\"><a rel=\"nofollow noopener noreferrer\" data-shared=\"sharing-pinterest-270\" class=\"share-pinterest sd-button share-icon no-text\" href=\"http:\/\/domainedebelcastel.com\/?page_id=270&amp;share=pinterest\" target=\"_blank\" title=\"Click to share on Pinterest\" ><span><\/span><span class=\"sharing-screen-reader-text\">Click to share on Pinterest (Opens in new window)<\/span><\/a><\/li><li class=\"share-end\"><\/li><\/ul><\/div><\/div><\/div>","protected":false},"excerpt":{"rendered":"<p>&nbsp; LA RACE Le Haflinger est un petit cheval de selle et de trait l\u00e9ger. C&#8217;est une race originaire des montagnes du Tyrol (Autriche\/Nord de l&#8217;Italie) et qui se caract\u00e9rise par une robe toujours alezane aux crins lav\u00e9s. Le Haflinger est un cheval rustique et robuste, mais avec de belles allures et un corps harmonieux&hellip; <\/p>\n<p class=\"toivo-read-more\"><a href=\"http:\/\/domainedebelcastel.com\/?page_id=270\" class=\"more-link\">Read more <span class=\"screen-reader-text\">Chevaux Haflinger<\/span><\/a><\/p>\n<div class=\"sharedaddy sd-sharing-enabled\"><div class=\"robots-nocontent sd-block sd-social sd-social-icon sd-sharing\"><h3 class=\"sd-title\">Share this:<\/h3><div class=\"sd-content\"><ul><li class=\"share-email\"><a rel=\"nofollow noopener noreferrer\" data-shared=\"\" class=\"share-email sd-button share-icon no-text\" href=\"mailto:?subject=%5BShared%20Post%5D%20Chevaux%20Haflinger&body=http%3A%2F%2Fdomainedebelcastel.com%2F%3Fpage_id%3D270&share=email\" target=\"_blank\" title=\"Click to email a link to a friend\" data-email-share-error-title=\"Do you have email set up?\" data-email-share-error-text=\"If you&#039;re having problems sharing via email, you might not have email set up for your browser. You may need to create a new email yourself.\" data-email-share-nonce=\"1f86de2782\" data-email-share-track-url=\"http:\/\/domainedebelcastel.com\/?page_id=270&amp;share=email\"><span><\/span><span class=\"sharing-screen-reader-text\">Click to email a link to a friend (Opens in new window)<\/span><\/a><\/li><li class=\"share-facebook\"><a rel=\"nofollow noopener noreferrer\" data-shared=\"sharing-facebook-270\" class=\"share-facebook sd-button share-icon no-text\" href=\"http:\/\/domainedebelcastel.com\/?page_id=270&amp;share=facebook\" target=\"_blank\" title=\"Click to share on Facebook\" ><span><\/span><span class=\"sharing-screen-reader-text\">Click to share on Facebook (Opens in new window)<\/span><\/a><\/li><li class=\"share-twitter\"><a rel=\"nofollow noopener noreferrer\" data-shared=\"sharing-twitter-270\" class=\"share-twitter sd-button share-icon no-text\" href=\"http:\/\/domainedebelcastel.com\/?page_id=270&amp;share=twitter\" target=\"_blank\" title=\"Click to share on Twitter\" ><span><\/span><span class=\"sharing-screen-reader-text\">Click to share on Twitter (Opens in new window)<\/span><\/a><\/li><li class=\"share-tumblr\"><a rel=\"nofollow noopener noreferrer\" data-shared=\"\" class=\"share-tumblr sd-button share-icon no-text\" href=\"http:\/\/domainedebelcastel.com\/?page_id=270&amp;share=tumblr\" target=\"_blank\" title=\"Click to share on Tumblr\" ><span><\/span><span class=\"sharing-screen-reader-text\">Click to share on Tumblr (Opens in new window)<\/span><\/a><\/li><li class=\"share-pinterest\"><a rel=\"nofollow noopener noreferrer\" data-shared=\"sharing-pinterest-270\" class=\"share-pinterest sd-button share-icon no-text\" href=\"http:\/\/domainedebelcastel.com\/?page_id=270&amp;share=pinterest\" target=\"_blank\" title=\"Click to share on Pinterest\" ><span><\/span><span class=\"sharing-screen-reader-text\">Click to share on Pinterest (Opens in new window)<\/span><\/a><\/li><li class=\"share-end\"><\/li><\/ul><\/div><\/div><\/div>","protected":false},"author":1,"featured_media":0,"parent":0,"menu_order":0,"comment_status":"closed","ping_status":"closed","template":"","meta":{"jetpack_post_was_ever_published":false},"jetpack_sharing_enabled":true,"jetpack_shortlink":"https:\/\/wp.me\/P7EtmU-4m","_links":{"self":[{"href":"http:\/\/domainedebelcastel.com\/index.php?rest_route=\/wp\/v2\/pages\/270"}],"collection":[{"href":"http:\/\/domainedebelcastel.com\/index.php?rest_route=\/wp\/v2\/pages"}],"about":[{"href":"http:\/\/domainedebelcastel.com\/index.php?rest_route=\/wp\/v2\/types\/page"}],"author":[{"embeddable":true,"href":"http:\/\/domainedebelcastel.com\/index.php?rest_route=\/wp\/v2\/users\/1"}],"replies":[{"embeddable":true,"href":"http:\/\/domainedebelcastel.com\/index.php?rest_route=%2Fwp%2Fv2%2Fcomments&post=270"}],"version-history":[{"count":5,"href":"http:\/\/domainedebelcastel.com\/index.php?rest_route=\/wp\/v2\/pages\/270\/revisions"}],"predecessor-version":[{"id":343,"href":"http:\/\/domainedebelcastel.com\/index.php?rest_route=\/wp\/v2\/pages\/270\/revisions\/343"}],"wp:attachment":[{"href":"http:\/\/domainedebelcastel.com\/index.php?rest_route=%2Fwp%2Fv2%2Fmedia&parent=270"}],"curies":[{"name":"wp","href":"https:\/\/api.w.org\/{rel}","templated":true}]}}