{"id":158,"date":"2016-06-19T18:33:40","date_gmt":"2016-06-19T17:33:40","guid":{"rendered":"http:\/\/domainedebelcastel.com\/?page_id=158"},"modified":"2017-11-26T16:32:21","modified_gmt":"2017-11-26T15:32:21","slug":"toerisme-in-de-aude","status":"publish","type":"page","link":"http:\/\/domainedebelcastel.com\/?page_id=158&lang=nl","title":{"rendered":"Toerisme in de Aude"},"content":{"rendered":"<p>Het domein Belcastel bevindt zich in het hart van het Katharenland, aan de rand van de Corbi\u00e8res, een uur van de middellandse zee en de Pyrenee\u00ebn en in een regio vol met historische erfgoederen.<\/p>\n<div class=\"flexslider ewic-slider-lite is_on_\" id=\"ewic-con-20269f431a9c152f\"><style>#ewic-con-20269f431a9c152f .flex-direction-nav .flex-next, #ewic-con-20269f431a9c152f .flex-direction-nav .flex-prev {opacity: 1;} #ewic-con-20269f431a9c152f .flex-direction-nav .flex-next {right: 10px !important; text-align: right !important;} #ewic-con-20269f431a9c152f .flex-direction-nav .flex-prev {left: 10px !important;}<\/style><div id=\"preloader-20269f431a9c152f\" class=\"sliderpreloader\"><\/div><ul style=\"display:none;\" class=\"slides flexslider-20269f431a9c152f\"><li class=\"ewic-slider\"><a href=\"http:\/\/domainedebelcastel.com\/wp-content\/uploads\/2017\/11\/Cit\u00e9_Carcassonne_small.jpg\" title=\"Carcassonne\" rel=\"ewicprettyPhoto[20269f431a9c152f]\"><img title=\"Carcassonne\" class=\"ewic-wid-imgs\" src=\"http:\/\/domainedebelcastel.com\/wp-content\/uploads\/2017\/11\/Cit\u00e9_Carcassonne_small.jpg\" \/><p class=\"flex-caption\">Carcassonne<\/p><\/a><\/li><li class=\"ewic-slider\"><a href=\"http:\/\/domainedebelcastel.com\/wp-content\/uploads\/2017\/11\/Bages_small.jpg\" title=\"Bages\" rel=\"ewicprettyPhoto[20269f431a9c152f]\"><img title=\"Bages\" class=\"ewic-wid-imgs\" src=\"http:\/\/domainedebelcastel.com\/wp-content\/uploads\/2017\/11\/Bages_small.jpg\" \/><p class=\"flex-caption\">Bages<\/p><\/a><\/li><li class=\"ewic-slider\"><a href=\"http:\/\/domainedebelcastel.com\/wp-content\/uploads\/2017\/11\/Bugarach_small.jpg\" title=\"Bugarach\" rel=\"ewicprettyPhoto[20269f431a9c152f]\"><img title=\"Bugarach\" class=\"ewic-wid-imgs\" src=\"http:\/\/domainedebelcastel.com\/wp-content\/uploads\/2017\/11\/Bugarach_small.jpg\" \/><p class=\"flex-caption\">Bugarach<\/p><\/a><\/li><li class=\"ewic-slider\"><a href=\"http:\/\/domainedebelcastel.com\/wp-content\/uploads\/2017\/11\/Montbel1_small.jpg\" title=\"Montbel\" rel=\"ewicprettyPhoto[20269f431a9c152f]\"><img title=\"Montbel\" class=\"ewic-wid-imgs\" src=\"http:\/\/domainedebelcastel.com\/wp-content\/uploads\/2017\/11\/Montbel1_small.jpg\" \/><p class=\"flex-caption\">Montbel<\/p><\/a><\/li><li class=\"ewic-slider\"><a href=\"http:\/\/domainedebelcastel.com\/wp-content\/uploads\/2017\/11\/Vignes_small.jpg\" title=\"Vignes\" rel=\"ewicprettyPhoto[20269f431a9c152f]\"><img title=\"Vignes\" class=\"ewic-wid-imgs\" src=\"http:\/\/domainedebelcastel.com\/wp-content\/uploads\/2017\/11\/Vignes_small.jpg\" \/><p class=\"flex-caption\">Vignes<\/p><\/a><\/li><\/ul><script type=\"text\/javascript\">\r\n\tjQuery(document).ready(function($) {\r\n\t\t\r\n\t\t$(\"#preloader-20269f431a9c152f\").fadeOut(500, function () {\r\n\t\t\t\r\n\t\t\t$(\"#ewic-con-20269f431a9c152f\").addClass(\"ready_to_show\");\r\n\t\t\t\r\n\t\t\t$(\"a[rel^='ewicprettyPhoto[20269f431a9c152f]']\").ewcPhoto({\r\n\t\t\t\ttheme: \"ewc_default\",\r\n\t\t\t\tallow_expand: false,\r\n\t\t\t\tdeeplinking: false,\r\n\t\t\t\tslideshow:5000,\r\n\t\t\t\tautoplay_slideshow:true,\r\n\t\t\t\tsocial_tools:false\r\n\t\t\t});\r\n\t\t\t\r\n\t\t\t$(\".flexslider-20269f431a9c152f\").fadeIn(300);\r\n\t\t\t\r\n\t\t\t$(\"#ewic-con-20269f431a9c152f\").flexslider({\r\n\t\t\t\tanimation: \"slide\",\r\n\t\t\t\tanimationSpeed: 0,\r\n\t\t\t\tuseCSS: false,\r\n\t\t\t\teasing: \"easeInQuad\",\r\n\t\t\t\tdirection: \"horizontal\",\r\n\t\t\t\tslideshow: true,\r\n\t\t\t\tsmoothHeight: true,\r\n\t\t\t\tpauseOnHover: true, \r\n\t\t\t\tcontrolNav: false,\r\n\t\t\t\tprevText: \"\",\r\n\t\t\t\tnextText: \"\",\r\n\t\t\t\trtl: false,\r\n\t\t\t\tslideshowSpeed: 5000,\r\n\t\t\t\tstart: function(slider){\r\n\t\t\t\t\t$(\"#ewic-con-20269f431a9c152f\").find(\".flex-caption\").hide();\r\n\t\t\t\t\tvar curSlide = slider.find(\"li.flex-active-slide\");\r\n\t\t\t\t\t$(curSlide).find(\".flex-caption\").slideDown();\r\n\t\t\t\t},\r\n\t\t\t\tbefore: function(slider) {\r\n\t\t\t\t\t$(\"#ewic-con-20269f431a9c152f\").find(\".flex-caption\").slideUp();\r\n\t\t\t\t},\r\n\t\t\t\tafter: function(slider) {\r\n\t\t\t\t\tvar curSlide = slider.find(\"li.flex-active-slide\");\r\n\t\t\t\t\t$(curSlide).find(\".flex-caption\").slideDown();\r\n\t\t\t\t}\r\n\t\t\t\t\r\n\t\t\t});\r\n\t\t\t\r\n\t\t});\r\n\t\t\t\r\n\t});\r\n<\/script><\/div>\r\n\n<div style=\"text-align: justify;\"><b>Katharenkastelen<\/b>: Peyrepertuse, Aguilar, Qu\u00e9ribus, Puilaurens, Termes, Villerouge-Termen\u00e8s, Arques, Monts\u00e9gur, Puivert,\u00a0etc.<\/div>\n<div style=\"text-align: justify;\"><b>Religieuse erfgoederen:<\/b>\u00a0abdijen van Lagrasse, Fontfroide, Saint Hilaire,\u00a0etc.<\/div>\n<div style=\"text-align: justify;\"><b>Historishe steden :<\/b>\u00a0Carcassonne, Foix en Mirepoix.<\/div>\n<div style=\"text-align: justify;\"><b>Sfeervole markten:<\/b> Mirepoix (maandag-ochtend), Limoux (vrijdag-ochtend) et Esp\u00e9raza (zondag-ochtend).<\/div>\n<div style=\"text-align: justify;\"><b>Zwemplekjes:<\/b> meertjes van Arques en Montbel, riviertjes als le Lauquet en l&#8217;Orbieu, of de thermen van Rennes-les-Bains.<\/div>\n<div style=\"text-align: justify;\"><b>Talloze wandelingen: <\/b>Pic de Bugarach, val d&#8217;Agne, canal du Midi et natuurlijk veel mooie bergwandelingen in de Pyrenee\u00ebn.<\/div>\n<div style=\"text-align: justify;\"><b>Goede wijnen:<\/b>\u00a0AOC Corbi\u00e8res, AOC Limoux met de blanquette, AOC Malep\u00e8re, AOC Minervois,\u00a0etc.<\/div>\n<div style=\"text-align: justify;\"><strong>Gastronomie:<\/strong> sterrenrestaurants, bistros en cafes aan zee.<\/div>\n<div style=\"text-align: justify;\"><strong>Festiviteiten:<\/strong> Carnaval van Limoux, Toques et Clochers, vuurwerk op 14 juli in Carcassonne, etc.<\/div>\n<div style=\"text-align: justify;\"><b>Sport-activiteiten:<\/b> wandelen, fietsen, rafting, hydro-speed, kano\u00ebn, paardrijden, golfen, watersport, wintersport, karting,\u00a0etc.<\/div>\n","protected":false},"excerpt":{"rendered":"<p>Het domein Belcastel bevindt zich in het hart van het Katharenland, aan de rand van de Corbi\u00e8res, een uur van de middellandse zee en de Pyrenee\u00ebn en in een regio vol met historische erfgoederen. Katharenkastelen: Peyrepertuse, Aguilar, Qu\u00e9ribus, Puilaurens, Termes, Villerouge-Termen\u00e8s, Arques, Monts\u00e9gur, Puivert,\u00a0etc. Religieuse erfgoederen:\u00a0abdijen van Lagrasse, Fontfroide, Saint Hilaire,\u00a0etc. Historishe steden :\u00a0Carcassonne, Foix&hellip; <\/p>\n<p class=\"toivo-read-more\"><a href=\"http:\/\/domainedebelcastel.com\/?easyimageslider=tourisme\" class=\"more-link\">Read more <span class=\"screen-reader-text\">Tourisme<\/span><\/a><\/p>\n","protected":false},"author":1,"featured_media":0,"parent":0,"menu_order":0,"comment_status":"closed","ping_status":"closed","template":"","meta":{"jetpack_post_was_ever_published":false},"jetpack_sharing_enabled":true,"jetpack_shortlink":"https:\/\/wp.me\/P7EtmU-2y","_links":{"self":[{"href":"http:\/\/domainedebelcastel.com\/index.php?rest_route=\/wp\/v2\/pages\/158"}],"collection":[{"href":"http:\/\/domainedebelcastel.com\/index.php?rest_route=\/wp\/v2\/pages"}],"about":[{"href":"http:\/\/domainedebelcastel.com\/index.php?rest_route=\/wp\/v2\/types\/page"}],"author":[{"embeddable":true,"href":"http:\/\/domainedebelcastel.com\/index.php?rest_route=\/wp\/v2\/users\/1"}],"replies":[{"embeddable":true,"href":"http:\/\/domainedebelcastel.com\/index.php?rest_route=%2Fwp%2Fv2%2Fcomments&post=158"}],"version-history":[{"count":2,"href":"http:\/\/domainedebelcastel.com\/index.php?rest_route=\/wp\/v2\/pages\/158\/revisions"}],"predecessor-version":[{"id":210,"href":"http:\/\/domainedebelcastel.com\/index.php?rest_route=\/wp\/v2\/pages\/158\/revisions\/210"}],"wp:attachment":[{"href":"http:\/\/domainedebelcastel.com\/index.php?rest_route=%2Fwp%2Fv2%2Fmedia&parent=158"}],"curies":[{"name":"wp","href":"https:\/\/api.w.org\/{rel}","templated":true}]}}