{"id":145,"date":"2016-06-19T17:54:55","date_gmt":"2016-06-19T16:54:55","guid":{"rendered":"http:\/\/domainedebelcastel.com\/?page_id=145"},"modified":"2017-11-26T16:29:05","modified_gmt":"2017-11-26T15:29:05","slug":"activites-touristiques-2","status":"publish","type":"page","link":"http:\/\/domainedebelcastel.com\/?page_id=145","title":{"rendered":"Tourisme dans l&#8217;Aude"},"content":{"rendered":"<p style=\"text-align: justify;\">Le Domaine de Belcastel se trouve au c\u0153ur du Pays Cathare, aux portes des Corbi\u00e8res, \u00e0 seulement une heure de la m\u00e9diterran\u00e9e et de la cha\u00eene des Pyr\u00e9n\u00e9es, dans une belle r\u00e9gion viticole et dans un d\u00e9partement riche en beaux patrimoines b\u00e2tis et naturels.<\/p>\n<p style=\"text-align: justify;\"><div class=\"flexslider ewic-slider-lite is_on_\" id=\"ewic-con-20269f430e6cc407\"><style>#ewic-con-20269f430e6cc407 .flex-direction-nav .flex-next, #ewic-con-20269f430e6cc407 .flex-direction-nav .flex-prev {opacity: 1;} #ewic-con-20269f430e6cc407 .flex-direction-nav .flex-next {right: 10px !important; text-align: right !important;} #ewic-con-20269f430e6cc407 .flex-direction-nav .flex-prev {left: 10px !important;}<\/style><div id=\"preloader-20269f430e6cc407\" class=\"sliderpreloader\"><\/div><ul style=\"display:none;\" class=\"slides flexslider-20269f430e6cc407\"><li class=\"ewic-slider\"><a href=\"http:\/\/domainedebelcastel.com\/wp-content\/uploads\/2017\/11\/Cit\u00e9_Carcassonne_small.jpg\" title=\"Carcassonne\" rel=\"ewicprettyPhoto[20269f430e6cc407]\"><img title=\"Carcassonne\" class=\"ewic-wid-imgs\" src=\"http:\/\/domainedebelcastel.com\/wp-content\/uploads\/2017\/11\/Cit\u00e9_Carcassonne_small.jpg\" \/><p class=\"flex-caption\">Carcassonne<\/p><\/a><\/li><li class=\"ewic-slider\"><a href=\"http:\/\/domainedebelcastel.com\/wp-content\/uploads\/2017\/11\/Bages_small.jpg\" title=\"Bages\" rel=\"ewicprettyPhoto[20269f430e6cc407]\"><img title=\"Bages\" class=\"ewic-wid-imgs\" src=\"http:\/\/domainedebelcastel.com\/wp-content\/uploads\/2017\/11\/Bages_small.jpg\" \/><p class=\"flex-caption\">Bages<\/p><\/a><\/li><li class=\"ewic-slider\"><a href=\"http:\/\/domainedebelcastel.com\/wp-content\/uploads\/2017\/11\/Bugarach_small.jpg\" title=\"Bugarach\" rel=\"ewicprettyPhoto[20269f430e6cc407]\"><img title=\"Bugarach\" class=\"ewic-wid-imgs\" src=\"http:\/\/domainedebelcastel.com\/wp-content\/uploads\/2017\/11\/Bugarach_small.jpg\" \/><p class=\"flex-caption\">Bugarach<\/p><\/a><\/li><li class=\"ewic-slider\"><a href=\"http:\/\/domainedebelcastel.com\/wp-content\/uploads\/2017\/11\/Montbel1_small.jpg\" title=\"Montbel\" rel=\"ewicprettyPhoto[20269f430e6cc407]\"><img title=\"Montbel\" class=\"ewic-wid-imgs\" src=\"http:\/\/domainedebelcastel.com\/wp-content\/uploads\/2017\/11\/Montbel1_small.jpg\" \/><p class=\"flex-caption\">Montbel<\/p><\/a><\/li><li class=\"ewic-slider\"><a href=\"http:\/\/domainedebelcastel.com\/wp-content\/uploads\/2017\/11\/Vignes_small.jpg\" title=\"Vignes\" rel=\"ewicprettyPhoto[20269f430e6cc407]\"><img title=\"Vignes\" class=\"ewic-wid-imgs\" src=\"http:\/\/domainedebelcastel.com\/wp-content\/uploads\/2017\/11\/Vignes_small.jpg\" \/><p class=\"flex-caption\">Vignes<\/p><\/a><\/li><\/ul><script type=\"text\/javascript\">\r\n\tjQuery(document).ready(function($) {\r\n\t\t\r\n\t\t$(\"#preloader-20269f430e6cc407\").fadeOut(500, function () {\r\n\t\t\t\r\n\t\t\t$(\"#ewic-con-20269f430e6cc407\").addClass(\"ready_to_show\");\r\n\t\t\t\r\n\t\t\t$(\"a[rel^='ewicprettyPhoto[20269f430e6cc407]']\").ewcPhoto({\r\n\t\t\t\ttheme: \"ewc_default\",\r\n\t\t\t\tallow_expand: false,\r\n\t\t\t\tdeeplinking: false,\r\n\t\t\t\tslideshow:5000,\r\n\t\t\t\tautoplay_slideshow:true,\r\n\t\t\t\tsocial_tools:false\r\n\t\t\t});\r\n\t\t\t\r\n\t\t\t$(\".flexslider-20269f430e6cc407\").fadeIn(300);\r\n\t\t\t\r\n\t\t\t$(\"#ewic-con-20269f430e6cc407\").flexslider({\r\n\t\t\t\tanimation: \"slide\",\r\n\t\t\t\tanimationSpeed: 0,\r\n\t\t\t\tuseCSS: false,\r\n\t\t\t\teasing: \"easeInQuad\",\r\n\t\t\t\tdirection: \"horizontal\",\r\n\t\t\t\tslideshow: true,\r\n\t\t\t\tsmoothHeight: true,\r\n\t\t\t\tpauseOnHover: true, \r\n\t\t\t\tcontrolNav: false,\r\n\t\t\t\tprevText: \"\",\r\n\t\t\t\tnextText: \"\",\r\n\t\t\t\trtl: false,\r\n\t\t\t\tslideshowSpeed: 5000,\r\n\t\t\t\tstart: function(slider){\r\n\t\t\t\t\t$(\"#ewic-con-20269f430e6cc407\").find(\".flex-caption\").hide();\r\n\t\t\t\t\tvar curSlide = slider.find(\"li.flex-active-slide\");\r\n\t\t\t\t\t$(curSlide).find(\".flex-caption\").slideDown();\r\n\t\t\t\t},\r\n\t\t\t\tbefore: function(slider) {\r\n\t\t\t\t\t$(\"#ewic-con-20269f430e6cc407\").find(\".flex-caption\").slideUp();\r\n\t\t\t\t},\r\n\t\t\t\tafter: function(slider) {\r\n\t\t\t\t\tvar curSlide = slider.find(\"li.flex-active-slide\");\r\n\t\t\t\t\t$(curSlide).find(\".flex-caption\").slideDown();\r\n\t\t\t\t}\r\n\t\t\t\t\r\n\t\t\t});\r\n\t\t\t\r\n\t\t});\r\n\t\t\t\r\n\t});\r\n<\/script><\/div>\r\n<\/p>\n<div style=\"text-align: justify;\"><b>Ch\u00e2teaux Cathares:<\/b> Peyrepertuse, Aguilar, Qu\u00e9ribus, Puilaurens, Termes, Villerouge-Termen\u00e8s, Arques, Monts\u00e9gur, Puivert, etc.<\/div>\n<div style=\"text-align: justify;\"><b>Patrimoine religieux:<\/b>\u00a0Abbaye de Lagrasse, Abbaye de Fontfroide, Abbaye de Saint Hilaire, etc.<\/div>\n<div style=\"text-align: justify;\"><b>Villes historiques:<\/b> Carcassonne avec sa cit\u00e9, Foix avec son Ch\u00e2teau et Mirepoix avec son architecture du Moyen-Age.<\/div>\n<div style=\"text-align: justify;\"><b>March\u00e9s:<\/b> Mirepoix (lundi matin), Limoux (vendredi matin) et Esp\u00e9raza (dimanche matin).<\/div>\n<div style=\"text-align: justify;\"><b>Baignades:<\/b> le lac d&#8217;Arques, le lac de Montbel, les rivi\u00e8res du Lauquet et de l&#8217;Orbieu ou encore les thermes de Rennes-les-Bains.<\/div>\n<div style=\"text-align: justify;\"><b>Balades et randonn\u00e9es:<\/b> le Pic de Bugarach, le Val d&#8217;Agne, le Canal du Midi et les\u00a0nombreuses randonn\u00e9es dans les Pyr\u00e9n\u00e9es<\/div>\n<div style=\"text-align: justify;\"><b>Vins:<\/b> AOC Corbi\u00e8res, AOC Limoux avec sa blanquette, AOC Malep\u00e8re, AOC Minervois, etc.<\/div>\n<div style=\"text-align: justify;\"><strong>Gastronomie<\/strong>: restaurants \u00e9toil\u00e9s, brasseries, et guinguettes en bord de mer.<\/div>\n<div style=\"text-align: justify;\"><strong>\u00c9v\u00e9nements festifs<\/strong>: Carnaval de Limoux, Toques et Clochers, Feu d&#8217;artifice du 14 Juillet, etc.<\/div>\n<div style=\"text-align: justify;\"><b>Activit\u00e9s sportives:<\/b>\u00a0v\u00e9lo, rafting, hydro-speed, cano\u00eb-kayak, \u00e9quitation, golf, sports nautiques, sports d&#8217;hiver,\u00a0etc.<\/div>\n","protected":false},"excerpt":{"rendered":"<p>Le Domaine de Belcastel se trouve au c\u0153ur du Pays Cathare, aux portes des Corbi\u00e8res, \u00e0 seulement une heure de la m\u00e9diterran\u00e9e et de la cha\u00eene des Pyr\u00e9n\u00e9es, dans une belle r\u00e9gion viticole et dans un d\u00e9partement riche en beaux patrimoines b\u00e2tis et naturels. Ch\u00e2teaux Cathares: Peyrepertuse, Aguilar, Qu\u00e9ribus, Puilaurens, Termes, Villerouge-Termen\u00e8s, Arques, Monts\u00e9gur, Puivert,&hellip; <\/p>\n<p class=\"toivo-read-more\"><a href=\"http:\/\/domainedebelcastel.com\/?easyimageslider=tourisme\" class=\"more-link\">Read more <span class=\"screen-reader-text\">Tourisme<\/span><\/a><\/p>\n","protected":false},"author":1,"featured_media":0,"parent":0,"menu_order":0,"comment_status":"closed","ping_status":"closed","template":"","meta":{"jetpack_post_was_ever_published":false},"jetpack_sharing_enabled":true,"jetpack_shortlink":"https:\/\/wp.me\/P7EtmU-2l","_links":{"self":[{"href":"http:\/\/domainedebelcastel.com\/index.php?rest_route=\/wp\/v2\/pages\/145"}],"collection":[{"href":"http:\/\/domainedebelcastel.com\/index.php?rest_route=\/wp\/v2\/pages"}],"about":[{"href":"http:\/\/domainedebelcastel.com\/index.php?rest_route=\/wp\/v2\/types\/page"}],"author":[{"embeddable":true,"href":"http:\/\/domainedebelcastel.com\/index.php?rest_route=\/wp\/v2\/users\/1"}],"replies":[{"embeddable":true,"href":"http:\/\/domainedebelcastel.com\/index.php?rest_route=%2Fwp%2Fv2%2Fcomments&post=145"}],"version-history":[{"count":4,"href":"http:\/\/domainedebelcastel.com\/index.php?rest_route=\/wp\/v2\/pages\/145\/revisions"}],"predecessor-version":[{"id":208,"href":"http:\/\/domainedebelcastel.com\/index.php?rest_route=\/wp\/v2\/pages\/145\/revisions\/208"}],"wp:attachment":[{"href":"http:\/\/domainedebelcastel.com\/index.php?rest_route=%2Fwp%2Fv2%2Fmedia&parent=145"}],"curies":[{"name":"wp","href":"https:\/\/api.w.org\/{rel}","templated":true}]}}